{"id":6721,"date":"2016-02-16T10:31:52","date_gmt":"2016-02-16T15:31:52","guid":{"rendered":"https:\/\/entraidediabetique.wp.vortexdev.com\/en\/?page_id=6721"},"modified":"2025-03-24T13:00:26","modified_gmt":"2025-03-24T18:00:26","slug":"diabetes-quebec","status":"publish","type":"page","link":"https:\/\/entraidediabetique.wp.vortexdev.com\/en\/diabetes-quebec\/","title":{"rendered":"Diabetes Quebec"},"content":{"rendered":"<div class=\"wpb-content-wrapper\">[vc_row type=&#8221;default&#8221; height=&#8221;200&#8243; parallax_ratio=&#8221;0.1&#8243; video_type=&#8221;mp4&#8243; ct_u_padding=&#8221;ct-u-paddingBoth70&#8243; ct_u_font_weight=&#8221;ct-fw-600&#8243; ct_u_font_style=&#8221;ct-fs-n&#8221; ct_u_diagonal1=&#8221;ct-u-diagonalTopLeft&#8221;][vc_column width=&#8221;1\/1&#8243;]<header  class=\"ct-pageSectionHeader ct-pageSectionHeader--numbered custom-h1 ct-u-marginBottom10\"><h1 class=\"ct-u-marginBottom10\"><span class=\"inherit ct-fw-600\">Diabetes Quebec<\/span><small class=\"ct-u-colorMotive ct-fw-300\">Our reason for being!<\/small><\/h1><\/header><header  class=\"ct-pageSectionHeader ct-pageSectionHeader--numbered custom-h1 ct-u-marginBottom70\"><h2 class=\"ct-u-marginBottom70\"><small class=\"ct-u-colorMotive ct-fw-600\">Our reason for being!<\/small><\/h2><\/header>[\/vc_column][\/vc_row][vc_row][vc_column width=&#8221;1\/1&#8243;]<img decoding=\"async\"  alt=\" \" src=\"https:\/\/entraidediabetique.wp.vortexdev.com\/wp-content\/uploads\/2016\/02\/EDQ_Photos_Web_EN5.jpg\" alt=\"image\">[vc_empty_space][\/vc_column][\/vc_row][vc_row][vc_column][vc_column_text css=&#8221;&#8221;]<em>Entraide diab\u00e9tique du Qu\u00e9bec<\/em> (EDQ) was established by <a href=\"https:\/\/www.diabete.qc.ca\/en\" target=\"_blank\" rel=\"noopener noreferrer\">Diab\u00e8te Qu\u00e9bec <\/a>for the purpose of raising funds in support of its activities. All profits generated by the activities of the EDQ are donated to <em>Diabetes Qu\u00e9bec<\/em>.<\/p>\n<p><em>Diabetes Qu\u00e9bec<\/em> is a provincial non-profit organization serving diabetic individuals since 1954. Its mission is to defend the rights of diabetics, to educate, inform and provide them and their loved ones with services, as well as to train health-care professionals, raise public awareness of diabetes and provide research grants.<\/p>\n<p>For additional information, go to the <em>Diabetes Qu\u00e9bec<\/em> website at: <a href=\"https:\/\/www.diabete.qc.ca\/en\" target=\"_blank\" rel=\"noopener noreferrer\">www.diabete.qc.ca<\/a>[\/vc_column_text][\/vc_column][\/vc_row]\n<\/div>","protected":false},"excerpt":{"rendered":"<p>[vc_row type=&#8221;default&#8221; height=&#8221;200&#8243; parallax_ratio=&#8221;0.1&#8243; video_type=&#8221;mp4&#8243; ct_u_padding=&#8221;ct-u-paddingBoth70&#8243; ct_u_font_weight=&#8221;ct-fw-600&#8243; ct_u_font_style=&#8221;ct-fs-n&#8221; ct_u_diagonal1=&#8221;ct-u-diagonalTopLeft&#8221;][vc_column width=&#8221;1\/1&#8243;][\/vc_column][\/vc_row][vc_row][vc_column width=&#8221;1\/1&#8243;][vc_empty_space][\/vc_column][\/vc_row][vc_row][vc_column][vc_column_text css=&#8221;&#8221;]Entraide diab\u00e9tique du Qu\u00e9bec (EDQ) was established by Diab\u00e8te [&hellip;]<\/p>\n","protected":false},"author":12,"featured_media":0,"parent":0,"menu_order":-800,"comment_status":"closed","ping_status":"closed","template":"page-right.php","meta":{"_acf_changed":false,"footnotes":""},"class_list":["post-6721","page","type-page","status-publish","hentry"],"acf":[],"_links":{"self":[{"href":"https:\/\/entraidediabetique.wp.vortexdev.com\/en\/wp-json\/wp\/v2\/pages\/6721","targetHints":{"allow":["GET"]}}],"collection":[{"href":"https:\/\/entraidediabetique.wp.vortexdev.com\/en\/wp-json\/wp\/v2\/pages"}],"about":[{"href":"https:\/\/entraidediabetique.wp.vortexdev.com\/en\/wp-json\/wp\/v2\/types\/page"}],"author":[{"embeddable":true,"href":"https:\/\/entraidediabetique.wp.vortexdev.com\/en\/wp-json\/wp\/v2\/users\/12"}],"replies":[{"embeddable":true,"href":"https:\/\/entraidediabetique.wp.vortexdev.com\/en\/wp-json\/wp\/v2\/comments?post=6721"}],"version-history":[{"count":3,"href":"https:\/\/entraidediabetique.wp.vortexdev.com\/en\/wp-json\/wp\/v2\/pages\/6721\/revisions"}],"predecessor-version":[{"id":24755,"href":"https:\/\/entraidediabetique.wp.vortexdev.com\/en\/wp-json\/wp\/v2\/pages\/6721\/revisions\/24755"}],"wp:attachment":[{"href":"https:\/\/entraidediabetique.wp.vortexdev.com\/en\/wp-json\/wp\/v2\/media?parent=6721"}],"curies":[{"name":"wp","href":"https:\/\/api.w.org\/{rel}","templated":true}]}}