{"id":6718,"date":"2016-02-16T10:06:04","date_gmt":"2016-02-16T15:06:04","guid":{"rendered":"https:\/\/entraidediabetique.wp.vortexdev.com\/en\/?page_id=6718"},"modified":"2025-11-18T16:27:41","modified_gmt":"2025-11-18T21:27:41","slug":"our-team","status":"publish","type":"page","link":"https:\/\/entraidediabetique.wp.vortexdev.com\/en\/our-team\/","title":{"rendered":"Our team"},"content":{"rendered":"<div class=\"wpb-content-wrapper\">[vc_row type=&#8221;default&#8221; height=&#8221;200&#8243; parallax_ratio=&#8221;0.1&#8243; video_type=&#8221;mp4&#8243; ct_u_padding=&#8221;ct-u-paddingTop30&#8243; ct_u_font_weight=&#8221;ct-fw-600&#8243; ct_u_font_style=&#8221;ct-fs-n&#8221; ct_u_bg_color=&#8221;ct-u-backgroundMotive&#8221; scroll=&#8221;section&#8221; ct_u_color=&#8221;inherit&#8221;][vc_column width=&#8221;1\/1&#8243; css=&#8221;.vc_custom_1426031845420{margin-bottom: 15px !important;}&#8221;]<header  class=\"ct-pageSectionHeader ct-pageSectionHeader--text custom-h1\"><h1 ><span class=\"inherit ct-fw-600\">Our team<\/span><\/h1><\/header><header  class=\"ct-pageSectionHeader ct-pageSectionHeader--text custom-h1\"><h2 ><small class=\"ct-u-colorMotive ct-fw-300\">Passionate people<\/small><\/h2><\/header>[\/vc_column][\/vc_row][vc_row][vc_column][vc_column_text css=&#8221;&#8221;]The EDQ has close to 70 employees in Qu\u00e9bec. Telephone operators, truck drivers, reception or administrative clerks \u2014 all EDQ employees are committed to optimizing operations in order to meet the organization\u2019s objectives. In so doing, they help build EDQ\u2019s enviable reputation in the recovery, reuse and recycling of residual materials.<\/p>\n<p>In fact, the EDQ wishes to thank each of its employees who, from the time it was first founded, have worked tireless to ensure its sustainability.[\/vc_column_text][vc_empty_space height=&#8221;50px&#8221;][\/vc_column][\/vc_row][vc_row type=&#8221;default&#8221; height=&#8221;&#8221; parallax_ratio=&#8221;0.1&#8243; video_type=&#8221;mp4&#8243; ct_u_padding=&#8221;ct-u-paddingTop30&#8243; ct_u_font_weight=&#8221;ct-fw-600&#8243; ct_u_font_style=&#8221;ct-fs-n&#8221; ct_u_bg_color=&#8221;ct-u-backgroundMotive&#8221; scroll=&#8221;section&#8221; ct_u_color=&#8221;inherit&#8221; section_id=&#8221;&#8221; image_mobile=&#8221;&#8221; image=&#8221;&#8221; kenburns_images=&#8221;&#8221; video_src=&#8221;&#8221; with_container=&#8221;true&#8221; section_button=&#8221;&#8221; button_label=&#8221;&#8221; container_id=&#8221;&#8221; ct_u_margin=&#8221;&#8221; ct_u_border=&#8221;&#8221; ct_u_diagonal1=&#8221;&#8221; ct_u_diagonal2=&#8221;&#8221; ct_u_shadow=&#8221;&#8221; full_width=&#8221;&#8221; gap=&#8221;0&#8243; full_height=&#8221;yes&#8221; columns_placement=&#8221;middle&#8221; equal_height=&#8221;yes&#8221; content_placement=&#8221;&#8221; video_bg=&#8221;yes&#8221; video_bg_url=&#8221;https:\/\/www.youtube.com\/watch?v=lMJXxhRFO1k&#8221; video_bg_parallax=&#8221;&#8221; parallax=&#8221;&#8221; parallax_image=&#8221;&#8221; parallax_speed_video=&#8221;1.5&#8243; parallax_speed_bg=&#8221;1.5&#8243; css_animation=&#8221;&#8221; el_id=&#8221;&#8221; disable_element=&#8221;yes&#8221; el_class=&#8221;&#8221; css=&#8221;&#8221; animation_speed=&#8221;&#8221; animation=&#8221;&#8221;][vc_column width=&#8221;1\/1&#8243; css=&#8221;.vc_custom_1426031845420{margin-bottom: 15px !important;}&#8221;][vc_text_separator title=&#8221;HEAD OFFICE&#8221; color=&#8221;juicy_pink&#8221;][\/vc_column][\/vc_row][vc_row][vc_column width=&#8221;1\/3&#8243;][vc_column_text]<strong>CHANTAL DESROSIERS<\/strong><br \/>\n<em>Executive Director<\/em><br \/>\nTel.\u00a0: 450 553-8601<br \/>\n<a href=\"mailto:chantal.desrosiers@entraidediabetique.wp.vortexdev.com\">chantal.desrosiers@<br \/>\nentraidediabetique.wp.vortexdev.com<\/a>[\/vc_column_text][\/vc_column][vc_column width=&#8221;1\/3&#8243;][vc_column_text css=&#8221;&#8221;]<b>M\u00c9LODIE LAMOUREUX<\/b><br \/>\n<em>Director and accounting\u00a0assistant<\/em><br \/>\nTel. : 450 553-8601 ext. 1081<br \/>\n<a href=\"mailto:administration@entraidediabetique.wp.vortexdev.com\">administration@<\/a><br \/>\n<a href=\"mailto:administration@entraidediabetique.wp.vortexdev.com\">entraidediabetique.wp.vortexdev.com<\/a>[\/vc_column_text][\/vc_column][\/vc_row][vc_row][vc_column width=&#8221;1\/1&#8243;][vc_empty_space height=&#8221;50px&#8221;][vc_empty_space height=&#8221;10px&#8221;][vc_column_text]<span style=\"text-decoration: underline;\">Head office<\/span><br \/>\n<strong>Entraide diab\u00e9tique du Qu\u00e9bec<\/strong><br \/>\n18185 rue J-A Bombardier<br \/>\nMirabel (Qu\u00e9bec)<br \/>\nJ7J 0E7<br \/>\nT\u00e9l. : 450 553-8601<\/p>\n<p><a href=\"https:\/\/entraidediabetique.wp.vortexdev.com\/en\/contact\/\"><span style=\"text-decoration: underline;\">See map<\/span><\/a>[\/vc_column_text][vc_empty_space height=&#8221;50px&#8221;][\/vc_column][\/vc_row][vc_row][vc_column width=&#8221;1\/1&#8243;][vc_text_separator title=&#8221;OPERATIONS CENTRES&#8221; color=&#8221;juicy_pink&#8221;][vc_empty_space height=&#8221;20px&#8221;][vc_column_text]<span style=\"text-decoration: underline;\">Mirabel office:<\/span><br \/>\n<strong>Montr\u00e9al (in part), Laval, North Shore, Mont\u00e9r\u00e9gie (in part) and Laurentides<\/strong><\/p>\n<p>Guylaine Deslauriers \u2013 Director<br \/>\n18185 rue J-A Bombardier<br \/>\nMirabel (Qu\u00e9bec)<br \/>\nJ7J 0E7<br \/>\nTel.: 450 530-7800<br \/>\nToll free : 1 866 313-7800<br \/>\nFax : 450 530-6968<br \/>\nEmail : <a href=\"mailto:guylaine.deslauriers@entraidediabetique.wp.vortexdev.com \">guylaine.deslauriers@entraidediabetique.wp.vortexdev.com\u00a0<\/a><\/p>\n<p><a href=\"https:\/\/entraidediabetique.wp.vortexdev.com\/en\/contact\/\"><span style=\"text-decoration: underline;\">See map<\/span><\/a>[\/vc_column_text][vc_empty_space height=&#8221;40px&#8221;][vc_text_separator][\/vc_column][\/vc_row][vc_row][vc_column width=&#8221;1\/1&#8243;][vc_empty_space height=&#8221;20px&#8221;][vc_column_text]<span style=\"text-decoration: underline;\">Qu\u00e9bec City office:<\/span><br \/>\n<strong>Capitale-Nationale, Chaudi\u00e8re-Appalaches and Kamouraska\/Rivi\u00e8re-du-Loup<br \/>\n<\/strong><\/p>\n<p>Alain Gaudreau &#8211; Director<br \/>\n1185, rue Philippe-Paradis, bureau 160<br \/>\nQu\u00e9bec (Qu\u00e9bec)<br \/>\nG1N 4E2<br \/>\nTel.\u00a0: 418\u00a0877-5111<br \/>\nToll free : 1\u00a0888-877-5111<br \/>\nFax : 418\u00a0877-3204<br \/>\nEmail : <a href=\"mailto:alain.gaudreau@entraidediabetique.wp.vortexdev.com\" target=\"_blank\" rel=\"noopener noreferrer\">alain.gaudreau@entraidediabetique.wp.vortexdev.com<\/a><\/p>\n<p><span style=\"text-decoration: underline;\"><a href=\"https:\/\/entraidediabetique.wp.vortexdev.com\/en\/contact\/\">See map<\/a><\/span>[\/vc_column_text][vc_empty_space height=&#8221;40px&#8221;][vc_text_separator][\/vc_column][\/vc_row][vc_row][vc_column width=&#8221;1\/1&#8243;][vc_empty_space height=&#8221;20px&#8221;][vc_column_text]<span style=\"text-decoration: underline;\">Centre d\u2019op\u00e9ration de Trois-Rivi\u00e8res<br \/>\n<\/span><strong>EDQ Trois-Rivi\u00e8res \u2013 Mauricie, Bois-Francs, Mont\u00e9r\u00e9gie &amp; Lanaudi\u00e8re<\/strong><\/p>\n<p>Sylvain Berthiaume \u2013 Director<br \/>\n3352, boul. Gene-H.-Kruger<br \/>\nTrois-Rivi\u00e8res (Qu\u00e9bec)<br \/>\nG9A 4M3<br \/>\nTel.: 819 694-9990<br \/>\nToll free : 1 888 694-9998<br \/>\nFax : 819 694-0821<br \/>\nEmail :\u00a0<a href=\"mailto:sylvain.berthiaume@entraidediabetique.wp.vortexdev.com \">sylvain.berthiaume@entraidediabetique.wp.vortexdev.com <\/a><\/p>\n<p><a href=\"https:\/\/entraidediabetique.wp.vortexdev.com\/en\/contact\/\"><span style=\"text-decoration: underline;\">See map<\/span><\/a>[\/vc_column_text][vc_empty_space height=&#8221;40px&#8221;][\/vc_column][\/vc_row][vc_row type=&#8221;default&#8221; height=&#8221;200&#8243; parallax_ratio=&#8221;0.1&#8243; video_type=&#8221;mp4&#8243; scroll=&#8221;section&#8221; ct_u_color=&#8221;inherit&#8221; ct_u_padding=&#8221;ct-u-paddingBottom100&#8243;][vc_column width=&#8221;1\/1&#8243;]<div class=\"ct-callToActionBox ct-callToActionBox--default\">\n                    <div class=\"ct-callToActionBox-title\">\n                        <h3 class=\"ct-u-colorMotive ct-fw-600 text-lowercase\">To write us<\/h3>\n                    <\/div><div class=\"ct-callToActionBox-content\">\n                        \n                    <\/div>\n                    <div class=\"ct-callToActionBox-button\">\n                        <a role=\"button\"  class=\"btn ct-btn--perspective btn-primary ct-btn--huge\"><i  class=\"fa fa-road fa-road pull-left\" style=\"color:#ffffff\"><\/i>Contact us!<\/a>\n                    <\/div>\n                <\/div>[\/vc_column][\/vc_row]\n<\/div>","protected":false},"excerpt":{"rendered":"<p>[vc_row type=&#8221;default&#8221; height=&#8221;200&#8243; parallax_ratio=&#8221;0.1&#8243; video_type=&#8221;mp4&#8243; ct_u_padding=&#8221;ct-u-paddingTop30&#8243; ct_u_font_weight=&#8221;ct-fw-600&#8243; ct_u_font_style=&#8221;ct-fs-n&#8221; ct_u_bg_color=&#8221;ct-u-backgroundMotive&#8221; scroll=&#8221;section&#8221; ct_u_color=&#8221;inherit&#8221;][vc_column width=&#8221;1\/1&#8243; css=&#8221;.vc_custom_1426031845420{margin-bottom: 15px !important;}&#8221;][\/vc_column][\/vc_row][vc_row][vc_column][vc_column_text css=&#8221;&#8221;]The EDQ has close to [&hellip;]<\/p>\n","protected":false},"author":12,"featured_media":0,"parent":0,"menu_order":-850,"comment_status":"closed","ping_status":"closed","template":"page-right.php","meta":{"_acf_changed":false,"footnotes":""},"class_list":["post-6718","page","type-page","status-publish","hentry"],"acf":[],"_links":{"self":[{"href":"https:\/\/entraidediabetique.wp.vortexdev.com\/en\/wp-json\/wp\/v2\/pages\/6718","targetHints":{"allow":["GET"]}}],"collection":[{"href":"https:\/\/entraidediabetique.wp.vortexdev.com\/en\/wp-json\/wp\/v2\/pages"}],"about":[{"href":"https:\/\/entraidediabetique.wp.vortexdev.com\/en\/wp-json\/wp\/v2\/types\/page"}],"author":[{"embeddable":true,"href":"https:\/\/entraidediabetique.wp.vortexdev.com\/en\/wp-json\/wp\/v2\/users\/12"}],"replies":[{"embeddable":true,"href":"https:\/\/entraidediabetique.wp.vortexdev.com\/en\/wp-json\/wp\/v2\/comments?post=6718"}],"version-history":[{"count":9,"href":"https:\/\/entraidediabetique.wp.vortexdev.com\/en\/wp-json\/wp\/v2\/pages\/6718\/revisions"}],"predecessor-version":[{"id":24845,"href":"https:\/\/entraidediabetique.wp.vortexdev.com\/en\/wp-json\/wp\/v2\/pages\/6718\/revisions\/24845"}],"wp:attachment":[{"href":"https:\/\/entraidediabetique.wp.vortexdev.com\/en\/wp-json\/wp\/v2\/media?parent=6718"}],"curies":[{"name":"wp","href":"https:\/\/api.w.org\/{rel}","templated":true}]}}