{"id":6715,"date":"2016-02-16T10:03:08","date_gmt":"2016-02-16T15:03:08","guid":{"rendered":"https:\/\/entraidediabetique.wp.vortexdev.com\/en\/?page_id=6715"},"modified":"2025-03-24T13:04:44","modified_gmt":"2025-03-24T18:04:44","slug":"doorsteep-collection","status":"publish","type":"page","link":"https:\/\/entraidediabetique.wp.vortexdev.com\/en\/doorsteep-collection\/","title":{"rendered":"Home pick-ups"},"content":{"rendered":"<div class=\"wpb-content-wrapper\">[vc_row type=&#8221;default&#8221; height=&#8221;200&#8243; parallax_ratio=&#8221;0.1&#8243; video_type=&#8221;mp4&#8243; ct_u_padding=&#8221;ct-u-paddingBoth70&#8243; ct_u_font_weight=&#8221;ct-fw-600&#8243; ct_u_font_style=&#8221;ct-fs-n&#8221; ct_u_diagonal1=&#8221;ct-u-diagonalTopLeft&#8221;][vc_column width=&#8221;1\/1&#8243;]<header  class=\"ct-pageSectionHeader ct-pageSectionHeader--numbered custom-h1 ct-u-marginBottom10\"><h1 class=\"ct-u-marginBottom10\"><span class=\"inherit ct-fw-600\">Home pick-ups<\/span><\/h1><\/header><header  class=\"ct-pageSectionHeader ct-pageSectionHeader--numbered custom-h1 ct-u-marginBottom70\"><h2 class=\"ct-u-marginBottom70\"><small class=\"ct-u-colorMotive ct-fw-300\">At your door, to make things easier!<\/small><\/h2><\/header>[\/vc_column][\/vc_row][vc_row type=&#8221;default&#8221; height=&#8221;200&#8243; parallax_ratio=&#8221;0.1&#8243; video_type=&#8221;mp4&#8243; scroll=&#8221;section&#8221; ct_u_color=&#8221;inherit&#8221; ct_u_padding=&#8221;ct-u-paddingBoth60&#8243; ct_u_bg_color=&#8221;ct-u-backgroundDarkGray&#8221; section_id=&#8221;&#8221; image_mobile=&#8221;&#8221; image=&#8221;&#8221; kenburns_images=&#8221;&#8221; video_src=&#8221;&#8221; with_container=&#8221;&#8221; section_button=&#8221;&#8221; button_label=&#8221;&#8221; container_id=&#8221;&#8221; ct_u_margin=&#8221;&#8221; ct_u_border=&#8221;&#8221; ct_u_diagonal1=&#8221;&#8221; ct_u_diagonal2=&#8221;&#8221; ct_u_shadow=&#8221;&#8221; full_width=&#8221;&#8221; gap=&#8221;0&#8243; full_height=&#8221;yes&#8221; columns_placement=&#8221;middle&#8221; equal_height=&#8221;yes&#8221; content_placement=&#8221;&#8221; video_bg=&#8221;yes&#8221; video_bg_url=&#8221;https:\/\/www.youtube.com\/watch?v=lMJXxhRFO1k&#8221; video_bg_parallax=&#8221;&#8221; parallax=&#8221;&#8221; parallax_image=&#8221;&#8221; parallax_speed_video=&#8221;1.5&#8243; parallax_speed_bg=&#8221;1.5&#8243; css_animation=&#8221;&#8221; el_id=&#8221;&#8221; disable_element=&#8221;yes&#8221; el_class=&#8221;&#8221; css=&#8221;.vc_custom_1581957346090{margin-bottom: 300px !important;}&#8221; animation_speed=&#8221;&#8221; animation=&#8221;&#8221;][vc_column]<img decoding=\"async\"  alt=\" \" src=\"https:\/\/entraidediabetique.wp.vortexdev.com\/wp-content\/uploads\/2020\/01\/EDQ_ImagesWeb_Collecte-02.jpg\" alt=\"image\">[vc_empty_space][\/vc_column][\/vc_row][vc_row type=&#8221;default&#8221; height=&#8221;200&#8243; parallax_ratio=&#8221;0.1&#8243; video_type=&#8221;mp4&#8243; ct_u_padding=&#8221;ct-u-paddingBoth40&#8243; ct_u_bg_color=&#8221;ct-u-backgroundGray&#8221;][vc_column]<div class=\"ct-callToActionBox ct-callToActionBox--default\">\n                    <div class=\"ct-callToActionBox-title\">\n                        <h3 class=\"ct-u-colorMotive ct-fw-600 text-lowercase\">Cities where home pick-ups are available<\/h3>\n                    <\/div><div class=\"ct-callToActionBox-content\">\n                        \n                    <\/div>\n                    <div class=\"ct-callToActionBox-button\">\n                        <a role=\"button\"  class=\"btn normal btn-primary ct-btn--huge\" href=\"https:\/\/entraidediabetique.wp.vortexdev.com\/en\/pickup-service\/\">Check the list!<\/a>\n                    <\/div>\n                <\/div>[vc_empty_space height=&#8221;100&#8243;][vc_column_text]\n[\/vc_column_text][\/vc_column][\/vc_row][vc_row type=&#8221;default&#8221; height=&#8221;&#8221; parallax_ratio=&#8221;0.1&#8243; border=&#8221;none&#8221; background_color=&#8221;dark_gray&#8221; diagonal=&#8221;none&#8221; ct_u_font_weight=&#8221;ct-fw-600&#8243; ct_u_font_style=&#8221;ct-fs-n&#8221; video_type=&#8221;mp4&#8243; scroll=&#8221;no&#8221; ct_u_color=&#8221;ct-u-colorDarkerGray&#8221; css=&#8221;.vc_custom_1581957278439{background-position: center !important;background-repeat: no-repeat !important;background-size: cover !important;}&#8221; with_container=&#8221;true&#8221; section_id=&#8221;&#8221; ct_u_diagonal1=&#8221;&#8221; ct_u_padding=&#8221;ct-u-paddingTop40&#8243; image_mobile=&#8221;&#8221; image=&#8221;&#8221; kenburns_images=&#8221;&#8221; video_src=&#8221;&#8221; section_button=&#8221;&#8221; button_label=&#8221;&#8221; container_id=&#8221;&#8221; ct_u_margin=&#8221;&#8221; ct_u_bg_color=&#8221;&#8221; ct_u_border=&#8221;&#8221; ct_u_diagonal2=&#8221;&#8221; ct_u_shadow=&#8221;&#8221; full_width=&#8221;&#8221; gap=&#8221;0&#8243; full_height=&#8221;yes&#8221; columns_placement=&#8221;middle&#8221; equal_height=&#8221;yes&#8221; content_placement=&#8221;&#8221; video_bg=&#8221;&#8221; video_bg_url=&#8221;https:\/\/www.youtube.com\/watch?v=lMJXxhRFO1k&#8221; video_bg_parallax=&#8221;&#8221; parallax=&#8221;&#8221; parallax_image=&#8221;&#8221; parallax_speed_video=&#8221;1.5&#8243; parallax_speed_bg=&#8221;1.5&#8243; css_animation=&#8221;&#8221; el_id=&#8221;&#8221; disable_element=&#8221;&#8221; el_class=&#8221;section-gris&#8221; animation_speed=&#8221;&#8221; animation=&#8221;&#8221;][vc_column width=&#8221;1\/1&#8243; css_animation=&#8221;&#8221; el_class=&#8221;&#8221; css=&#8221;&#8221; offset=&#8221;&#8221; full_width=&#8221;&#8221; align=&#8221;&#8221; animation_speed=&#8221;&#8221; animation=&#8221;&#8221;][vc_column_text css=&#8221;.vc_custom_1670362079979{border-radius: 5px !important;}&#8221;]<strong>Trois-Rivi\u00e8res office:<br \/>\n<\/strong><\/p>\n<p>Mauricie, Lanaudi\u00e8re, Centre-du-Qu\u00e9bec, Montr\u00e9al South Shore and Mont\u00e9r\u00e9gie (in part)<\/p>\n<p>3352, boul. Gene-H.-Kruger,\u00a0Trois-Rivi\u00e8res (Qu\u00e9bec) G9A 4M3<\/p>\n<p>1-888-694-9998<br \/>\n819-694-9990[\/vc_column_text][\/vc_column][\/vc_row][vc_row type=&#8221;default&#8221; height=&#8221;200&#8243; parallax_ratio=&#8221;0.1&#8243; border=&#8221;none&#8221; background_color=&#8221;dark_gray&#8221; diagonal=&#8221;none&#8221; ct_u_font_weight=&#8221;ct-fw-600&#8243; ct_u_font_style=&#8221;ct-fs-n&#8221; video_type=&#8221;mp4&#8243; scroll=&#8221;section&#8221; ct_u_color=&#8221;inherit&#8221; css=&#8221;.vc_custom_1519338587999{background-position: center !important;background-repeat: no-repeat !important;background-size: cover !important;}&#8221; with_container=&#8221;true&#8221; section_id=&#8221;&#8221; ct_u_diagonal1=&#8221;ct-u-diagonalTopLeft&#8221; ct_u_padding=&#8221;ct-u-paddingTop80&#8243; image_mobile=&#8221;&#8221; image=&#8221;&#8221; kenburns_images=&#8221;&#8221; video_src=&#8221;&#8221; section_button=&#8221;&#8221; button_label=&#8221;&#8221; container_id=&#8221;&#8221; ct_u_margin=&#8221;&#8221; ct_u_bg_color=&#8221;&#8221; ct_u_border=&#8221;&#8221; ct_u_diagonal2=&#8221;&#8221; ct_u_shadow=&#8221;&#8221; full_width=&#8221;&#8221; gap=&#8221;0&#8243; full_height=&#8221;&#8221; columns_placement=&#8221;middle&#8221; equal_height=&#8221;&#8221; content_placement=&#8221;&#8221; video_bg=&#8221;&#8221; video_bg_url=&#8221;&#8221; video_bg_parallax=&#8221;&#8221; parallax=&#8221;&#8221; parallax_image=&#8221;&#8221; parallax_speed_video=&#8221;1.5&#8243; parallax_speed_bg=&#8221;1.5&#8243; css_animation=&#8221;&#8221; el_id=&#8221;&#8221; disable_element=&#8221;&#8221; el_class=&#8221;section-gris&#8221; animation_speed=&#8221;&#8221; animation=&#8221;&#8221;][vc_column width=&#8221;1\/1&#8243; css_animation=&#8221;&#8221; el_class=&#8221;&#8221; css=&#8221;&#8221; offset=&#8221;&#8221; full_width=&#8221;&#8221; align=&#8221;&#8221; animation_speed=&#8221;&#8221; animation=&#8221;&#8221;][vc_column_text css=&#8221;.vc_custom_1670362097954{border-radius: 5px !important;}&#8221;]<strong>Mirabel office:<\/strong><\/p>\n<p>Montr\u00e9al (in part), Laval, North Shore, Mont\u00e9r\u00e9gie (in part) and Laurentides<\/p>\n<p>18185 rue J-A Bombardier,\u00a0Mirabel (Qu\u00e9bec) \u00a0J7J 0E7<\/p>\n<p>1-866-313-7800<br \/>\n450-530-7800[\/vc_column_text][\/vc_column][\/vc_row][vc_row type=&#8221;default&#8221; height=&#8221;&#8221; parallax_ratio=&#8221;0.1&#8243; border=&#8221;none&#8221; background_color=&#8221;dark_gray&#8221; diagonal=&#8221;none&#8221; ct_u_font_weight=&#8221;ct-fw-600&#8243; ct_u_font_style=&#8221;ct-fs-n&#8221; video_type=&#8221;mp4&#8243; scroll=&#8221;&#8221; ct_u_color=&#8221;inherit&#8221; css=&#8221;.vc_custom_1519338642970{background-position: center !important;background-repeat: no-repeat !important;background-size: cover !important;}&#8221; with_container=&#8221;true&#8221; section_id=&#8221;&#8221; ct_u_diagonal1=&#8221;ct-u-diagonalTopLeft&#8221; ct_u_padding=&#8221;ct-u-paddingTop80&#8243; image_mobile=&#8221;&#8221; image=&#8221;&#8221; kenburns_images=&#8221;&#8221; video_src=&#8221;&#8221; section_button=&#8221;&#8221; button_label=&#8221;&#8221; container_id=&#8221;&#8221; ct_u_margin=&#8221;&#8221; ct_u_bg_color=&#8221;&#8221; ct_u_border=&#8221;&#8221; ct_u_diagonal2=&#8221;&#8221; ct_u_shadow=&#8221;&#8221; full_width=&#8221;&#8221; gap=&#8221;0&#8243; full_height=&#8221;yes&#8221; columns_placement=&#8221;middle&#8221; equal_height=&#8221;&#8221; content_placement=&#8221;&#8221; video_bg=&#8221;&#8221; video_bg_url=&#8221;https:\/\/www.youtube.com\/watch?v=lMJXxhRFO1k&#8221; video_bg_parallax=&#8221;&#8221; parallax=&#8221;&#8221; parallax_image=&#8221;&#8221; parallax_speed_video=&#8221;1.5&#8243; parallax_speed_bg=&#8221;1.5&#8243; css_animation=&#8221;&#8221; el_id=&#8221;&#8221; disable_element=&#8221;&#8221; el_class=&#8221;section-gris&#8221; animation_speed=&#8221;&#8221; animation=&#8221;&#8221;][vc_column width=&#8221;1\/1&#8243; css_animation=&#8221;&#8221; el_class=&#8221;&#8221; css=&#8221;&#8221; offset=&#8221;&#8221; full_width=&#8221;&#8221; align=&#8221;&#8221; animation_speed=&#8221;&#8221; animation=&#8221;&#8221;][vc_column_text css=&#8221;.vc_custom_1670362115645{border-radius: 5px !important;}&#8221;]<strong>Qu\u00e9bec City office:<\/strong><\/p>\n<p>Capitale-Nationale, Chaudi\u00e8re-Appalaches and Kamouraska\/Rivi\u00e8re-du-Loup<\/p>\n<p>1185, rue Philippe-Paradis, bureau 160,\u00a0Qu\u00e9bec (Qu\u00e9bec)\u00a0G1N 4E2<\/p>\n<p>1-888-877-5111<br \/>\n418-877-5111[\/vc_column_text][\/vc_column][\/vc_row][vc_row type=&#8221;default&#8221; height=&#8221;200&#8243; parallax_ratio=&#8221;0.1&#8243; border=&#8221;none&#8221; background_color=&#8221;dark_gray&#8221; diagonal=&#8221;none&#8221; ct_u_font_weight=&#8221;ct-fw-600&#8243; ct_u_font_style=&#8221;ct-fs-n&#8221; video_type=&#8221;mp4&#8243; scroll=&#8221;section&#8221; ct_u_color=&#8221;inherit&#8221; css=&#8221;.vc_custom_1426030684178{background-position: center !important;background-repeat: no-repeat !important;background-size: cover !important;}&#8221; with_container=&#8221;true&#8221; section_id=&#8221;lesarticles&#8221; ct_u_diagonal1=&#8221;ct-u-diagonalTopLeft&#8221; ct_u_padding=&#8221;ct-u-paddingTop80&#8243;][vc_column width=&#8221;1\/1&#8243;][vc_column_text]\n<p>Rain or shine, <em>Entraide Diab\u00e9tique du Qu\u00e9bec<\/em>\u2019s trucks will pick up your gently used clothing and other items you no longer need at your door. Give a second lease on life to your items while helping diabetics!<\/p>\n[\/vc_column_text][vc_empty_space][\/vc_column][\/vc_row][vc_row][vc_column width=&#8221;1\/1&#8243;]<header  class=\"ct-pageSectionHeader ct-pageSectionHeader--text\"><h3 ><span class=\"inherit ct-fw-600\">Registration<\/span><small class=\"inherit ct-u-size20 ct-fw-600\">Register using the form<\/small><\/h3><\/header>[vc_empty_space]\n<div class=\"wpcf7 no-js\" id=\"wpcf7-f6786-o1\" lang=\"en-US\" dir=\"ltr\" data-wpcf7-id=\"6786\">\n<div class=\"screen-reader-response\"><p role=\"status\" aria-live=\"polite\" aria-atomic=\"true\"><\/p> <ul><\/ul><\/div>\n<form action=\"\/en\/wp-json\/wp\/v2\/pages\/6715#wpcf7-f6786-o1\" method=\"post\" class=\"wpcf7-form init\" aria-label=\"Contact form\" novalidate=\"novalidate\" data-status=\"init\">\n<fieldset class=\"hidden-fields-container\"><input type=\"hidden\" name=\"_wpcf7\" value=\"6786\" \/><input type=\"hidden\" name=\"_wpcf7_version\" value=\"6.1.5\" \/><input type=\"hidden\" name=\"_wpcf7_locale\" value=\"en_US\" \/><input type=\"hidden\" name=\"_wpcf7_unit_tag\" value=\"wpcf7-f6786-o1\" \/><input type=\"hidden\" name=\"_wpcf7_container_post\" value=\"0\" \/><input type=\"hidden\" name=\"_wpcf7_posted_data_hash\" value=\"\" \/>\n<\/fieldset>\n<p>Your name (mandatory)\n<\/p>\n<p><span class=\"wpcf7-form-control-wrap\" data-name=\"your-name\"><input size=\"40\" maxlength=\"400\" class=\"wpcf7-form-control wpcf7-text wpcf7-validates-as-required form-control\" aria-required=\"true\" aria-invalid=\"false\" value=\"\" type=\"text\" name=\"your-name\" \/><\/span>\n<\/p>\n<p>Your address (mandatory)\n<\/p>\n<p><span class=\"wpcf7-form-control-wrap\" data-name=\"your-address\"><input size=\"40\" maxlength=\"400\" class=\"wpcf7-form-control wpcf7-text wpcf7-validates-as-required form-control\" aria-required=\"true\" aria-invalid=\"false\" value=\"\" type=\"text\" name=\"your-address\" \/><\/span>\n<\/p>\n<p>Your city (mandatory)\n<\/p>\n<p><span class=\"wpcf7-form-control-wrap\" data-name=\"your-city\"><input size=\"40\" maxlength=\"400\" class=\"wpcf7-form-control wpcf7-text wpcf7-validates-as-required form-control\" aria-required=\"true\" aria-invalid=\"false\" value=\"\" type=\"text\" name=\"your-city\" \/><\/span>\n<\/p>\n<p>Your email (mandatory)\n<\/p>\n<p><span class=\"wpcf7-form-control-wrap\" data-name=\"your-email\"><input size=\"40\" maxlength=\"400\" class=\"wpcf7-form-control wpcf7-email wpcf7-validates-as-required wpcf7-text wpcf7-validates-as-email form-control\" aria-required=\"true\" aria-invalid=\"false\" value=\"\" type=\"email\" name=\"your-email\" \/><\/span>\n<\/p>\n<p>Your phone (mandatory)\n<\/p>\n<div class=\"nimportequoi-cette-demande-de-3-champs\" style=\"display:flex;\">\n\t<p><span class=\"wpcf7-form-control-wrap\" data-name=\"your-phone\"><input size=\"40\" maxlength=\"3\" class=\"wpcf7-form-control wpcf7-text wpcf7-validates-as-required nimportequoi form-control\" aria-required=\"true\" aria-invalid=\"false\" value=\"\" type=\"text\" name=\"your-phone\" \/><\/span><span class=\"wpcf7-form-control-wrap\" data-name=\"your-phone2\"><input size=\"40\" maxlength=\"3\" class=\"wpcf7-form-control wpcf7-text wpcf7-validates-as-required nimportequoi form-control\" aria-required=\"true\" aria-invalid=\"false\" value=\"\" type=\"text\" name=\"your-phone2\" \/><\/span><span class=\"wpcf7-form-control-wrap\" data-name=\"your-phone3\"><input size=\"40\" maxlength=\"4\" class=\"wpcf7-form-control wpcf7-text wpcf7-validates-as-required nimportequoi form-control\" aria-required=\"true\" aria-invalid=\"false\" value=\"\" type=\"text\" name=\"your-phone3\" \/><\/span>\n\t<\/p>\n<\/div>\n<p>Your message\n<\/p>\n<p><span class=\"wpcf7-form-control-wrap\" data-name=\"your-message\"><textarea cols=\"40\" rows=\"10\" maxlength=\"2000\" class=\"wpcf7-form-control wpcf7-textarea form-control\" aria-invalid=\"false\" name=\"your-message\"><\/textarea><\/span>\n<\/p>\n<p><input class=\"wpcf7-form-control wpcf7-submit has-spinner btn btn-primary\" type=\"submit\" value=\"Send\" \/>\n<\/p>\n<p><span id=\"wpcf7-69ed7a701fcc6-wrapper\" class=\"wpcf7-form-control-wrap website-wrap\" style=\"display:none !important; visibility:hidden !important;\"><label for=\"wpcf7-69ed7a701fcc6-field\" class=\"hp-message\">Please leave this field empty.<\/label><input id=\"wpcf7-69ed7a701fcc6-field\"  class=\"wpcf7-form-control wpcf7-text form-control\" type=\"text\" name=\"website\" value=\"\" size=\"40\" tabindex=\"-1\" autocomplete=\"new-password\" \/><\/span>\n<\/p><p style=\"display: none !important;\" class=\"akismet-fields-container\" data-prefix=\"_wpcf7_ak_\"><label>&#916;<textarea name=\"_wpcf7_ak_hp_textarea\" cols=\"45\" rows=\"8\" maxlength=\"100\"><\/textarea><\/label><input type=\"hidden\" id=\"ak_js_1\" name=\"_wpcf7_ak_js\" value=\"110\"\/><script>document.getElementById( \"ak_js_1\" ).setAttribute( \"value\", ( new Date() ).getTime() );<\/script><\/p><div class=\"wpcf7-response-output\" aria-hidden=\"true\"><\/div>\n<\/form>\n<\/div>\n[vc_column_text]Further to your request, we will contact you to set the date on which one of our courteous drivers will pick up your donations from your home. That day, place your donations at the agreed-upon location, labelling them with a \u201cD\u201d for \u201cDiabetes\u201d to let our driver know what to pick up.<\/p>\n<p>It should be noted that the pick-up time is determined by the truck driver the day of the pick-up. As a result, we are unable to let you know the exact time donations will be collected in your area. Barring unforeseen events, our driver will pick up your donations and hand you a \u201cThank You\u201d card. We are unable to give you an income tax receipt, as only cash donations are eligible.<\/p>\n<p>Should there be a change, however, our driver will leave a \u201cSorry\u201d card letting you know that he was unable to carry out the pick-up. In that case, we would ask you to re-contact us to set another date, since your donations are highly important.[\/vc_column_text][vc_empty_space][\/vc_column][\/vc_row][vc_row type=&#8221;default&#8221; height=&#8221;200&#8243; parallax_ratio=&#8221;0.1&#8243; video_type=&#8221;mp4&#8243; scroll=&#8221;section&#8221; ct_u_color=&#8221;inherit&#8221; ct_u_padding=&#8221;ct-u-paddingBottom100&#8243;][vc_column width=&#8221;1\/1&#8243;][\/vc_column][vc_column css=&#8221;.vc_custom_1452009032295{margin-bottom: 40px !important;}&#8221; width=&#8221;1\/1&#8243;][vc_empty_space height=&#8221;72px&#8221;][\/vc_column][vc_column]<header  class=\"ct-pageSectionHeader ct-pageSectionHeader--text\"><h3 ><span class=\"inherit ct-fw-600\">A matter of giving<\/span><small class=\"inherit ct-u-size20 ct-fw-600\">Give your items a new lease on life!<\/small><\/h3><\/header>[\/vc_column][vc_column][vc_column_text]\n<p>Donate your gently used clothing. In so doing, you will be helping diabetics. To view the video, click on it!<\/p>\n[\/vc_column_text][vc_empty_space][\/vc_column][\/vc_row][vc_row][vc_column width=&#8221;1\/3&#8243;]\n<div class=\"embed-responsive embed-responsive-16by9\"><div class=\"entry-content-asset\"><iframe title=\"Entraide Diab\u00e9tique du Qu\u00e9bec - C&#039;est le temps de changer!\" width=\"500\" height=\"281\" src=\"https:\/\/www.youtube.com\/embed\/xfxEiTWHZTc?feature=oembed\" frameborder=\"0\" allow=\"accelerometer; autoplay; clipboard-write; encrypted-media; gyroscope; picture-in-picture; web-share\" referrerpolicy=\"strict-origin-when-cross-origin\" allowfullscreen><\/iframe><\/div><\/div>\n[vc_empty_space][\/vc_column][vc_column width=&#8221;1\/3&#8243;]\n<div class=\"embed-responsive embed-responsive-16by9\"><div class=\"entry-content-asset\"><iframe title=\"Entraide Diab\u00e9tique du Qu\u00e9bec - Donnez vos v\u00eatements!\" width=\"500\" height=\"281\" src=\"https:\/\/www.youtube.com\/embed\/ZmCb96fVoCk?feature=oembed\" frameborder=\"0\" allow=\"accelerometer; autoplay; clipboard-write; encrypted-media; gyroscope; picture-in-picture; web-share\" referrerpolicy=\"strict-origin-when-cross-origin\" allowfullscreen><\/iframe><\/div><\/div>\n[vc_empty_space][\/vc_column][vc_column width=&#8221;1\/3&#8243;]\n<div class=\"embed-responsive embed-responsive-16by9\"><div class=\"entry-content-asset\"><iframe title=\"Histoire de donner... La suite - Entraide diab\u00e9tique du Qu\u00e9bec\" width=\"500\" height=\"375\" src=\"https:\/\/www.youtube.com\/embed\/dsntbLWdZrY?feature=oembed\" frameborder=\"0\" allow=\"accelerometer; autoplay; clipboard-write; encrypted-media; gyroscope; picture-in-picture; web-share\" referrerpolicy=\"strict-origin-when-cross-origin\" allowfullscreen><\/iframe><\/div><\/div>\n[vc_empty_space][\/vc_column][\/vc_row][vc_row][vc_column width=&#8221;1\/1&#8243;][vc_column_text]\n[\/vc_column_text][\/vc_column][\/vc_row][vc_row][vc_column width=&#8221;1\/1&#8243;][vc_column_text]\n[\/vc_column_text][\/vc_column][\/vc_row][vc_row][vc_column width=&#8221;1\/1&#8243;][\/vc_column][\/vc_row]\n<\/div>","protected":false},"excerpt":{"rendered":"<p>[vc_row type=&#8221;default&#8221; height=&#8221;200&#8243; parallax_ratio=&#8221;0.1&#8243; video_type=&#8221;mp4&#8243; ct_u_padding=&#8221;ct-u-paddingBoth70&#8243; ct_u_font_weight=&#8221;ct-fw-600&#8243; ct_u_font_style=&#8221;ct-fs-n&#8221; ct_u_diagonal1=&#8221;ct-u-diagonalTopLeft&#8221;][vc_column width=&#8221;1\/1&#8243;][\/vc_column][\/vc_row][vc_row type=&#8221;default&#8221; height=&#8221;200&#8243; parallax_ratio=&#8221;0.1&#8243; video_type=&#8221;mp4&#8243; scroll=&#8221;section&#8221; ct_u_color=&#8221;inherit&#8221; ct_u_padding=&#8221;ct-u-paddingBoth60&#8243; ct_u_bg_color=&#8221;ct-u-backgroundDarkGray&#8221; section_id=&#8221;&#8221; image_mobile=&#8221;&#8221; [&hellip;]<\/p>\n","protected":false},"author":12,"featured_media":0,"parent":0,"menu_order":-900,"comment_status":"closed","ping_status":"closed","template":"page-right.php","meta":{"_acf_changed":false,"footnotes":""},"class_list":["post-6715","page","type-page","status-publish","hentry"],"acf":[],"_links":{"self":[{"href":"https:\/\/entraidediabetique.wp.vortexdev.com\/en\/wp-json\/wp\/v2\/pages\/6715","targetHints":{"allow":["GET"]}}],"collection":[{"href":"https:\/\/entraidediabetique.wp.vortexdev.com\/en\/wp-json\/wp\/v2\/pages"}],"about":[{"href":"https:\/\/entraidediabetique.wp.vortexdev.com\/en\/wp-json\/wp\/v2\/types\/page"}],"author":[{"embeddable":true,"href":"https:\/\/entraidediabetique.wp.vortexdev.com\/en\/wp-json\/wp\/v2\/users\/12"}],"replies":[{"embeddable":true,"href":"https:\/\/entraidediabetique.wp.vortexdev.com\/en\/wp-json\/wp\/v2\/comments?post=6715"}],"version-history":[{"count":8,"href":"https:\/\/entraidediabetique.wp.vortexdev.com\/en\/wp-json\/wp\/v2\/pages\/6715\/revisions"}],"predecessor-version":[{"id":24757,"href":"https:\/\/entraidediabetique.wp.vortexdev.com\/en\/wp-json\/wp\/v2\/pages\/6715\/revisions\/24757"}],"wp:attachment":[{"href":"https:\/\/entraidediabetique.wp.vortexdev.com\/en\/wp-json\/wp\/v2\/media?parent=6715"}],"curies":[{"name":"wp","href":"https:\/\/api.w.org\/{rel}","templated":true}]}}