{"id":24608,"date":"2024-12-06T11:39:59","date_gmt":"2024-12-06T16:39:59","guid":{"rendered":"https:\/\/entraidediabetique.wp.vortexdev.com\/foire-aux-questions\/"},"modified":"2025-03-31T12:36:20","modified_gmt":"2025-03-31T17:36:20","slug":"frequently-asked-questions","status":"publish","type":"page","link":"https:\/\/entraidediabetique.wp.vortexdev.com\/en\/frequently-asked-questions\/","title":{"rendered":"FAQ"},"content":{"rendered":"<div class=\"wpb-content-wrapper\">[vc_row][vc_column][vc_column_text][\/vc_column_text][\/vc_column][\/vc_row][vc_row type=&#8221;default&#8221; height=&#8221;100%&#8221; parallax_ratio=&#8221;0.1&#8243; video_type=&#8221;mp4&#8243; ct_u_font_weight=&#8221;ct-fw-600&#8243; ct_u_font_style=&#8221;ct-fs-n&#8221; button_label=&#8221;CONTINUE&#8221; container_id=&#8221;continue&#8221; ct_u_color=&#8221;inherit&#8221; section_button=&#8221;&#8221; scroll=&#8221;no&#8221; section_id=&#8221;&#8221; image_mobile=&#8221;&#8221; image=&#8221;&#8221; kenburns_images=&#8221;&#8221; video_src=&#8221;&#8221; with_container=&#8221;&#8221; ct_u_padding=&#8221;&#8221; ct_u_margin=&#8221;&#8221; ct_u_bg_color=&#8221;&#8221; ct_u_border=&#8221;&#8221; ct_u_diagonal1=&#8221;&#8221; ct_u_diagonal2=&#8221;&#8221; ct_u_shadow=&#8221;&#8221; animation_speed=&#8221;&#8221; animation=&#8221;&#8221;][vc_column width=&#8221;1\/1&#8243; full_width=&#8221;yes&#8221; align=&#8221;&#8221; animation_speed=&#8221;&#8221; animation=&#8221;&#8221;][vc_row_inner equal_height=&#8221;yes&#8221; content_placement=&#8221;bottom&#8221; gap=&#8221;30&#8243; css=&#8221;.vc_custom_1732807201041{margin-top: 0px !important;margin-right: 0px !important;margin-bottom: 0px !important;margin-left: 0px !important;border-bottom-width: 0px !important;padding-top: 20px !important;padding-bottom: 0px !important;background: #E9F0FA00 url(https:\/\/entraidediabetique.wp.vortexdev.com\/wp-content\/uploads\/2024\/11\/EDQ_CentreDons_LandingPage_Header_V5-scaled.webp?id=24514) !important;}&#8221;][vc_column_inner width=&#8221;1\/1&#8243; offset=&#8221;vc_col-lg-offset-2&#8243; animation_speed=&#8221;&#8221; animation=&#8221;&#8221;][vc_column_text css=&#8221;.vc_custom_1739895941179{margin-right: 0px !important;margin-left: 0px !important;border-left-width: 00px !important;background-position: center !important;background-repeat: no-repeat !important;background-size: cover !important;}&#8221; el_class=&#8221;subtitle-h2&#8243;]\n<h1 class=\"cities-campaign__page-title\" style=\"text-align: left;\">F.A.Q.<\/h1>\n<h2 style=\"text-align: left;\"><span style=\"color: #4c7bbe;\"><b>General questions<\/b><\/span><\/h2>\n[\/vc_column_text]<img decoding=\"async\"  alt=\" \" src=\"https:\/\/entraidediabetique.wp.vortexdev.com\/wp-content\/uploads\/2024\/11\/EDQ_FAQ_Header_V1-B.webp\" alt=\"image\">[\/vc_column_inner][\/vc_row_inner][\/vc_column][\/vc_row][vc_row][vc_column][vc_column_text]\n<p>\n\r\n\r\n[\/vc_column_text][\/vc_column][\/vc_row][vc_row type=&#8221;default&#8221; height=&#8221;100%&#8221; parallax_ratio=&#8221;0.1&#8243; video_type=&#8221;mp4&#8243; ct_u_font_weight=&#8221;ct-fw-600&#8243; ct_u_font_style=&#8221;ct-fs-n&#8221; button_label=&#8221;CONTINUE&#8221; container_id=&#8221;continue&#8221; ct_u_color=&#8221;inherit&#8221; section_button=&#8221;&#8221; scroll=&#8221;no&#8221; section_id=&#8221;&#8221; image_mobile=&#8221;&#8221; image=&#8221;&#8221; kenburns_images=&#8221;&#8221; video_src=&#8221;&#8221; with_container=&#8221;&#8221; ct_u_padding=&#8221;&#8221; ct_u_margin=&#8221;&#8221; ct_u_bg_color=&#8221;&#8221; ct_u_border=&#8221;&#8221; ct_u_diagonal1=&#8221;&#8221; ct_u_diagonal2=&#8221;&#8221; ct_u_shadow=&#8221;&#8221; animation_speed=&#8221;&#8221; animation=&#8221;&#8221;][vc_column width=&#8221;1\/1&#8243; full_width=&#8221;yes&#8221; align=&#8221;&#8221; animation_speed=&#8221;&#8221; animation=&#8221;&#8221;][vc_row_inner equal_height=&#8221;yes&#8221; content_placement=&#8221;top&#8221; gap=&#8221;5&#8243; css=&#8221;.vc_custom_1732808191097{margin-top: -15px !important;margin-right: 0px !important;margin-bottom: 0px !important;margin-left: 0px !important;border-top-width: 0px !important;padding-top: px !important;padding-bottom: 20px !important;background-color: #23519F !important;}&#8221;][vc_column_inner width=&#8221;1\/1&#8243; offset=&#8221;vc_col-lg-offset-2&#8243; animation_speed=&#8221;&#8221; animation=&#8221;&#8221;][\/vc_column_inner][\/vc_row_inner][\/vc_column][\/vc_row][vc_row type=&#8221;default&#8221; section_id=&#8221;&#8221; height=&#8221;20&#8243; parallax_ratio=&#8221;&#8221; image_mobile=&#8221;&#8221; image=&#8221;&#8221; kenburns_images=&#8221;&#8221; video_src=&#8221;&#8221; video_type=&#8221;mp4&#8243; with_container=&#8221;&#8221; section_button=&#8221;&#8221; button_label=&#8221;&#8221; container_id=&#8221;&#8221; scroll=&#8221;no&#8221; ct_u_color=&#8221;inherit&#8221; ct_u_padding=&#8221;&#8221; ct_u_margin=&#8221;&#8221; ct_u_bg_color=&#8221;&#8221; ct_u_border=&#8221;&#8221; ct_u_diagonal1=&#8221;&#8221; ct_u_diagonal2=&#8221;&#8221; ct_u_shadow=&#8221;&#8221; animation_speed=&#8221;&#8221; animation=&#8221;&#8221;][vc_column][vc_empty_space height=&#8221;60px&#8221;][\/vc_column][\/vc_row][vc_row type=&#8221;default&#8221; height=&#8221;100%&#8221; parallax_ratio=&#8221;0.1&#8243; video_type=&#8221;mp4&#8243; ct_u_font_weight=&#8221;ct-fw-600&#8243; ct_u_font_style=&#8221;ct-fs-n&#8221; button_label=&#8221;CONTINUE&#8221; container_id=&#8221;continue&#8221; ct_u_color=&#8221;inherit&#8221; section_button=&#8221;&#8221; scroll=&#8221;no&#8221; section_id=&#8221;&#8221; image_mobile=&#8221;&#8221; image=&#8221;&#8221; kenburns_images=&#8221;&#8221; video_src=&#8221;&#8221; with_container=&#8221;&#8221; ct_u_padding=&#8221;&#8221; ct_u_margin=&#8221;&#8221; ct_u_bg_color=&#8221;&#8221; ct_u_border=&#8221;&#8221; ct_u_diagonal1=&#8221;&#8221; ct_u_diagonal2=&#8221;&#8221; ct_u_shadow=&#8221;&#8221; animation_speed=&#8221;&#8221; animation=&#8221;&#8221;][vc_column width=&#8221;1\/1&#8243; full_width=&#8221;&#8221; align=&#8221;&#8221; animation_speed=&#8221;&#8221; animation=&#8221;&#8221;][vc_row_inner equal_height=&#8221;yes&#8221; content_placement=&#8221;top&#8221; gap=&#8221;30&#8243; css=&#8221;.vc_custom_1729264385592{margin-top: 0px !important;margin-right: 10px !important;margin-bottom: 50px !important;margin-left: 10px !important;}&#8221;][vc_column_inner width=&#8221;1\/1&#8243;][vc_column_text css=&#8221;&#8221;]\r\n<h3 class=\"cities-campaign__section-title\">ABOUT EDQ<\/h3>\r\n[\/vc_column_text][\/vc_column_inner][\/vc_row_inner][\/vc_column][\/vc_row][vc_row][vc_column][vc_tta_accordion][vc_tta_section title=&#8221;How do I know you have the right to operate?&#8221; tab_id=&#8221;1732823046832-09d05f16-9d56&#8243;][vc_column_text css=&#8221;&#8221;]\r\n<p><b>Answer: <\/b>EDQ is a registered charity with the Canada Revenue Agency.<\/p>\r\n[\/vc_column_text][\/vc_tta_section][vc_tta_section title=&#8221;Who are you and what do you do?&#8221; tab_id=&#8221;1732823046854-bd2d0a81-3e09&#8243;][vc_column_text css=&#8221;&#8221;]\r\n<p><b>Answer: <\/b>Entraide diab\u00e9tique du Qu\u00e9bec is a non-profit organization that has been collecting used clothing and items since 1994. Profits from the sale go to Diab\u00e8te Qu\u00e9bec to help it fulfill its mission: to support people living with diabetes in improving their well-being.<\/p>\r\n[\/vc_column_text][\/vc_tta_section][vc_tta_section title=&#8221;Why don&#8217;t you operate your own store?&#8221; tab_id=&#8221;1732823965895-a7960810-ffce&#8221;][vc_column_text css=&#8221;&#8221;]\r\n<p><strong style=\"color: #313842;\">Answer: <\/strong>EDQ considers that it is more profitable to raise funds by supplying the Value Village than to manage all aspects of a retail store with the high costs that this involves.<\/p>\r\n[\/vc_column_text][\/vc_tta_section][vc_tta_section title=&#8221;Is EDQ in competition with other stores?&#8221; tab_id=&#8221;1732824019648-83a29edd-fa48&#8243;][vc_column_text css=&#8221;&#8221;]\r\n<p><strong style=\"color: #313842;\">Answer: <\/strong>No. We don&#8217;t operate a retail store. We only sell merchandise. Data from Recyc-Qu\u00e9bec shows that over 70% of reusable clothing still ends up in landfills. There aren&#8217;t too many organizations collecting clothing: there aren&#8217;t enough!<\/p>\r\n[\/vc_column_text][\/vc_tta_section][\/vc_tta_accordion][\/vc_column][\/vc_row][vc_row type=&#8221;default&#8221; section_id=&#8221;&#8221; height=&#8221;20&#8243; parallax_ratio=&#8221;&#8221; image_mobile=&#8221;&#8221; image=&#8221;&#8221; kenburns_images=&#8221;&#8221; video_src=&#8221;&#8221; video_type=&#8221;mp4&#8243; with_container=&#8221;&#8221; section_button=&#8221;&#8221; button_label=&#8221;&#8221; container_id=&#8221;&#8221; scroll=&#8221;no&#8221; ct_u_color=&#8221;inherit&#8221; ct_u_padding=&#8221;&#8221; ct_u_margin=&#8221;&#8221; ct_u_bg_color=&#8221;&#8221; ct_u_border=&#8221;&#8221; ct_u_diagonal1=&#8221;&#8221; ct_u_diagonal2=&#8221;&#8221; ct_u_shadow=&#8221;&#8221; animation_speed=&#8221;&#8221; animation=&#8221;&#8221;][vc_column][vc_empty_space height=&#8221;30px&#8221;][\/vc_column][\/vc_row][vc_row type=&#8221;default&#8221; height=&#8221;100%&#8221; parallax_ratio=&#8221;0.1&#8243; video_type=&#8221;mp4&#8243; ct_u_font_weight=&#8221;ct-fw-600&#8243; ct_u_font_style=&#8221;ct-fs-n&#8221; button_label=&#8221;CONTINUE&#8221; container_id=&#8221;continue&#8221; ct_u_color=&#8221;inherit&#8221; section_button=&#8221;&#8221; scroll=&#8221;no&#8221; section_id=&#8221;&#8221; image_mobile=&#8221;&#8221; image=&#8221;&#8221; kenburns_images=&#8221;&#8221; video_src=&#8221;&#8221; with_container=&#8221;&#8221; ct_u_padding=&#8221;&#8221; ct_u_margin=&#8221;&#8221; ct_u_bg_color=&#8221;&#8221; ct_u_border=&#8221;&#8221; ct_u_diagonal1=&#8221;&#8221; ct_u_diagonal2=&#8221;&#8221; ct_u_shadow=&#8221;&#8221; animation_speed=&#8221;&#8221; animation=&#8221;&#8221;][vc_column width=&#8221;1\/1&#8243; full_width=&#8221;&#8221; align=&#8221;&#8221; animation_speed=&#8221;&#8221; animation=&#8221;&#8221;][vc_row_inner equal_height=&#8221;yes&#8221; content_placement=&#8221;top&#8221; gap=&#8221;30&#8243; css=&#8221;.vc_custom_1729264385592{margin-top: 0px !important;margin-right: 10px !important;margin-bottom: 50px !important;margin-left: 10px !important;}&#8221;][vc_column_inner width=&#8221;1\/1&#8243;][vc_column_text css=&#8221;&#8221;]\r\n<h3 class=\"cities-campaign__section-title\">ABOUT DONATIONS<\/h3>\r\n[\/vc_column_text][\/vc_column_inner][\/vc_row_inner][\/vc_column][\/vc_row][vc_row][vc_column][vc_tta_accordion][vc_tta_section title=&#8221;Can I donate money instead of second-hand items?&#8221; tab_id=&#8221;1732823525330-52085b1b-d471&#8243;][vc_column_text css=&#8221;&#8221;]\r\n<p><strong>Answer: <\/strong>Yes. You can contact Diab\u00e8te Qu\u00e9bec association either by calling their toll-free number: <a href=\"tel:18003613504\">1-800-361-3504<\/a> or by visiting their website: <a href=\"https:\/\/www.diabete.qc.ca\/en\/\" target=\"_blank\" rel=\"noopener\">https:\/\/www.diabete.qc.ca\/en\/<\/a><\/p>\r\n[\/vc_column_text][\/vc_tta_section][vc_tta_section title=&#8221;Will I receive a charity receipt for my donations of second-hand clothing and items?&#8221; tab_id=&#8221;1732823525366-e98a9398-c0d7&#8243;][vc_column_text css=&#8221;&#8221;]\r\n<p><strong style=\"color: #313842;\">Answer: <\/strong>No. We cannot issue charity receipts for second-hand items according to the rules issued by Revenu Qu\u00e9bec and the Canada Revenue Agency. However, we can issue receipts for monetary donations. Receipts are issued by the Diab\u00e8te Qu\u00e9bec association.<\/p>\r\n[\/vc_column_text][\/vc_tta_section][vc_tta_section title=&#8221;What do you do with the items we donate?&#8221; tab_id=&#8221;1732823678620-20f8c7b9-8af9&#8243;][vc_column_text css=&#8221;&#8221;]\r\n<p><strong style=\"color: #313842;\">Answer: <\/strong>Items are sold to the Value Village and other partners.<\/p>\r\n[\/vc_column_text][\/vc_tta_section][vc_tta_section title=&#8221;Why don&#8217;t you accept furniture?&#8221; tab_id=&#8221;1732823871470-f8622e84-c603&#8243;][vc_column_text css=&#8221;&#8221;]\r\n<p><strong style=\"color: #313842;\">Answer: <\/strong>Furniture requires a lot of storage and handling space. We prefer to allocate this space to clothing and small household items to achieve our objectives and fulfill our mission with Diab\u00e8te Qu\u00e9bec.<\/p>\r\n[\/vc_column_text][\/vc_tta_section][vc_tta_section title=&#8221;Will the money raised stay in the community?&#8221; tab_id=&#8221;1732823918143-e124a09c-b915&#8243;][vc_column_text css=&#8221;&#8221;]\r\n<p><strong style=\"color: #313842;\">Answer: <\/strong>EDQ is a provincial organization. Our offices are located in Mirabel, Trois-Rivi\u00e8res and Quebec City, from which we cover a good part of the territory. Funds raised are redistributed to Diab\u00e8te Qu\u00e9bec and to various local associations with which we have developed partnerships.<\/p>\r\n[\/vc_column_text][\/vc_tta_section][\/vc_tta_accordion][\/vc_column][\/vc_row][vc_row type=&#8221;default&#8221; section_id=&#8221;&#8221; height=&#8221;20&#8243; parallax_ratio=&#8221;&#8221; image_mobile=&#8221;&#8221; image=&#8221;&#8221; kenburns_images=&#8221;&#8221; video_src=&#8221;&#8221; video_type=&#8221;mp4&#8243; with_container=&#8221;&#8221; section_button=&#8221;&#8221; button_label=&#8221;&#8221; container_id=&#8221;&#8221; scroll=&#8221;no&#8221; ct_u_color=&#8221;inherit&#8221; ct_u_padding=&#8221;&#8221; ct_u_margin=&#8221;&#8221; ct_u_bg_color=&#8221;&#8221; ct_u_border=&#8221;&#8221; ct_u_diagonal1=&#8221;&#8221; ct_u_diagonal2=&#8221;&#8221; ct_u_shadow=&#8221;&#8221; animation_speed=&#8221;&#8221; animation=&#8221;&#8221;][vc_column][vc_empty_space height=&#8221;30px&#8221;][\/vc_column][\/vc_row][vc_row type=&#8221;default&#8221; height=&#8221;100%&#8221; parallax_ratio=&#8221;0.1&#8243; video_type=&#8221;mp4&#8243; ct_u_font_weight=&#8221;ct-fw-600&#8243; ct_u_font_style=&#8221;ct-fs-n&#8221; button_label=&#8221;CONTINUE&#8221; container_id=&#8221;continue&#8221; ct_u_color=&#8221;inherit&#8221; section_button=&#8221;&#8221; scroll=&#8221;no&#8221; section_id=&#8221;&#8221; image_mobile=&#8221;&#8221; image=&#8221;&#8221; kenburns_images=&#8221;&#8221; video_src=&#8221;&#8221; with_container=&#8221;&#8221; ct_u_padding=&#8221;&#8221; ct_u_margin=&#8221;&#8221; ct_u_bg_color=&#8221;&#8221; ct_u_border=&#8221;&#8221; ct_u_diagonal1=&#8221;&#8221; ct_u_diagonal2=&#8221;&#8221; ct_u_shadow=&#8221;&#8221; animation_speed=&#8221;&#8221; animation=&#8221;&#8221;][vc_column width=&#8221;1\/1&#8243; full_width=&#8221;&#8221; align=&#8221;&#8221; animation_speed=&#8221;&#8221; animation=&#8221;&#8221;][vc_row_inner equal_height=&#8221;yes&#8221; content_placement=&#8221;top&#8221; gap=&#8221;30&#8243; css=&#8221;.vc_custom_1729264385592{margin-top: 0px !important;margin-right: 10px !important;margin-bottom: 50px !important;margin-left: 10px !important;}&#8221;][vc_column_inner width=&#8221;1\/1&#8243;][vc_column_text css=&#8221;&#8221;]\r\n<h3 class=\"cities-campaign__section-title\">OTHER RELEVANT INFORMATION<\/h3>\r\n[\/vc_column_text][\/vc_column_inner][\/vc_row_inner][\/vc_column][\/vc_row][vc_row][vc_column][vc_tta_accordion][vc_tta_section title=&#8221;I know someone with diabetes. How can I get more information?&#8221; tab_id=&#8221;1732824189649-55c83c80-7a06&#8243;][vc_column_text css=&#8221;&#8221;]\r\n<p><strong>Answer: <\/strong>You can contact healthcare professionals via the INFODIAB\u00c8TE hotline. Here&#8217;s their toll-free number: <a href=\"tel:18003613504\">1-800-361-3504<\/a> EXTENSION 233.\u00a0You can also contact them directly by e-mail via their website: <a href=\"https:\/\/www.diabete.qc.ca\/en\/\" target=\"_blank\" rel=\"noopener\">https:\/\/www.diabete.qc.ca\/en\/<\/a><\/p>\r\n[\/vc_column_text][\/vc_tta_section][vc_tta_section title=&#8221;What is Value Village?&#8221; tab_id=&#8221;1732824189703-16cd54fa-e1a4&#8243;][vc_column_text css=&#8221;&#8221;]\r\n<p><strong style=\"color: #313842;\">Answer: <\/strong>It&#8217;s a chain of stores that supplies used clothing and goods. Value Village pays EDQ for the merchandise people donate. When people donate their items, they&#8217;re not just giving them a second life, they&#8217;re turning them into a sustainable source of funding for EDQ.<\/p>\r\n<p><em style=\"font-weight: 400;\">Note: Shopping in Value Village stores doesn\u2019t support any nonprofit.<\/em><\/p>\r\n[\/vc_column_text][\/vc_tta_section][\/vc_tta_accordion][\/vc_column][\/vc_row][vc_row type=&#8221;default&#8221; section_id=&#8221;&#8221; height=&#8221;20&#8243; parallax_ratio=&#8221;&#8221; image_mobile=&#8221;&#8221; image=&#8221;&#8221; kenburns_images=&#8221;&#8221; video_src=&#8221;&#8221; video_type=&#8221;mp4&#8243; with_container=&#8221;&#8221; section_button=&#8221;&#8221; button_label=&#8221;&#8221; container_id=&#8221;&#8221; scroll=&#8221;no&#8221; ct_u_color=&#8221;inherit&#8221; ct_u_padding=&#8221;&#8221; ct_u_margin=&#8221;&#8221; ct_u_bg_color=&#8221;&#8221; ct_u_border=&#8221;&#8221; ct_u_diagonal1=&#8221;&#8221; ct_u_diagonal2=&#8221;&#8221; ct_u_shadow=&#8221;&#8221; animation_speed=&#8221;&#8221; animation=&#8221;&#8221;][vc_column][vc_empty_space height=&#8221;60px&#8221;][\/vc_column][\/vc_row][vc_row][vc_column width=&#8221;1\/1&#8243;]\n\t\t\t<!-- START Centre de dons  Statistiques EN REVOLUTION SLIDER 6.6.18 --><p class=\"rs-p-wp-fix\"><\/p>\n\t\t\t<rs-module-wrap id=\"rev_slider_9_1_wrapper\" data-source=\"gallery\" style=\"visibility:hidden;background:transparent;padding:0;margin:0px auto;margin-top:0;margin-bottom:0;\">\n\t\t\t\t<rs-module id=\"rev_slider_9_1\" style=\"\" data-version=\"6.6.18\">\n\t\t\t\t\t<rs-slides style=\"overflow: hidden; position: absolute;\">\n\t\t\t\t\t\t<rs-slide style=\"position: absolute;\" data-key=\"rs-40\" data-title=\"Slide\" data-anim=\"ms:150;\" data-in=\"o:0;\" data-out=\"a:false;\">\n\t\t\t\t\t\t\t<img decoding=\"async\" src=\"\/\/entraidediabetique.wp.vortexdev.com\/wp-content\/plugins\/revslider\/public\/assets\/assets\/dummy.png\" alt=\"Slide\" title=\"FAQ\" class=\"rev-slidebg tp-rs-img rs-lazyload\" data-lazyload=\"\/\/entraidediabetique.wp.vortexdev.com\/wp-content\/plugins\/revslider\/public\/assets\/assets\/transparent.png\" data-bg=\"c:#e7f1f9;\" data-no-retina>\n<!--\n\t\t\t\t\t\t\t--><rs-layer\n\t\t\t\t\t\t\t\tid=\"slider-9-slide-40-layer-0\" \n\t\t\t\t\t\t\t\tdata-type=\"image\"\n\t\t\t\t\t\t\t\tdata-rsp_ch=\"on\"\n\t\t\t\t\t\t\t\tdata-xy=\"x:c;yo:40px;\"\n\t\t\t\t\t\t\t\tdata-text=\"w:normal;s:20,20,9,5;l:0,0,12,7;\"\n\t\t\t\t\t\t\t\tdata-dim=\"w:90%,90%,100%,100%;\"\n\t\t\t\t\t\t\t\tdata-frame_1=\"st:60;sp:520;sR:60;\"\n\t\t\t\t\t\t\t\tdata-frame_999=\"o:0;st:w;sR:8420;\"\n\t\t\t\t\t\t\t\tstyle=\"z-index:5;\"\n\t\t\t\t\t\t\t><img decoding=\"async\" src=\"\/\/entraidediabetique.wp.vortexdev.com\/wp-content\/plugins\/revslider\/public\/assets\/assets\/dummy.png\" alt=\"\" class=\"tp-rs-img rs-lazyload\" width=\"1500\" height=\"600\" data-lazyload=\"\/\/entraidediabetique.wp.vortexdev.com\/wp-content\/uploads\/2024\/11\/EDQ_CentreDons_LandingPage_Carrousel_V1-EN2-B.png\" data-no-retina> \n\t\t\t\t\t\t\t<\/rs-layer><!--\n\n\t\t\t\t\t\t\t--><rs-layer\n\t\t\t\t\t\t\t\tid=\"slider-9-slide-40-layer-1\" \n\t\t\t\t\t\t\t\tdata-type=\"text\"\n\t\t\t\t\t\t\t\tdata-color=\"#4c7bbe\"\n\t\t\t\t\t\t\t\tdata-rsp_ch=\"on\"\n\t\t\t\t\t\t\t\tdata-xy=\"x:c;xo:-22px,-22px,-10px,-6px;y:b;yo:100px,100px,100px,60px;\"\n\t\t\t\t\t\t\t\tdata-text=\"w:normal;s:24,24,16,14;l:34,34,24,20;a:center;\"\n\t\t\t\t\t\t\t\tdata-dim=\"w:649px,649px,60%,80%;\"\n\t\t\t\t\t\t\t\tdata-frame_1=\"st:190;sp:590;sR:190;\"\n\t\t\t\t\t\t\t\tdata-frame_999=\"o:0;st:w;sR:8220;\"\n\t\t\t\t\t\t\t\tstyle=\"z-index:6;font-family:'Open Sans';\"\n\t\t\t\t\t\t\t>In the province of Quebec, <strong style=\"color:#de1315;\">1 in 10 people<\/strong> has diabetes. Your donations help fund diabetes research. \n\t\t\t\t\t\t\t<\/rs-layer><!--\n-->\t\t\t\t\t\t<\/rs-slide>\n\t\t\t\t\t\t<rs-slide style=\"position: absolute;\" data-key=\"rs-38\" data-title=\"Slide\" data-anim=\"ms:150;\" data-in=\"o:0;\" data-out=\"a:false;\">\n\t\t\t\t\t\t\t<img decoding=\"async\" src=\"\/\/entraidediabetique.wp.vortexdev.com\/wp-content\/plugins\/revslider\/public\/assets\/assets\/dummy.png\" alt=\"Slide\" title=\"FAQ\" class=\"rev-slidebg tp-rs-img rs-lazyload\" data-lazyload=\"\/\/entraidediabetique.wp.vortexdev.com\/wp-content\/plugins\/revslider\/public\/assets\/assets\/transparent.png\" data-bg=\"c:#e7f1f9;\" data-no-retina>\n<!--\n\t\t\t\t\t\t\t--><rs-layer\n\t\t\t\t\t\t\t\tid=\"slider-9-slide-38-layer-0\" \n\t\t\t\t\t\t\t\tdata-type=\"image\"\n\t\t\t\t\t\t\t\tdata-rsp_ch=\"on\"\n\t\t\t\t\t\t\t\tdata-xy=\"x:c;yo:40px;\"\n\t\t\t\t\t\t\t\tdata-text=\"w:normal;s:20,20,9,5;l:0,0,12,7;\"\n\t\t\t\t\t\t\t\tdata-dim=\"w:90%,90%,100%,100%;\"\n\t\t\t\t\t\t\t\tdata-frame_1=\"st:60;sp:520;sR:60;\"\n\t\t\t\t\t\t\t\tdata-frame_999=\"o:0;st:w;sR:8420;\"\n\t\t\t\t\t\t\t\tstyle=\"z-index:5;\"\n\t\t\t\t\t\t\t><img decoding=\"async\" src=\"\/\/entraidediabetique.wp.vortexdev.com\/wp-content\/plugins\/revslider\/public\/assets\/assets\/dummy.png\" alt=\"\" class=\"tp-rs-img rs-lazyload\" width=\"1500\" height=\"600\" data-lazyload=\"\/\/entraidediabetique.wp.vortexdev.com\/wp-content\/uploads\/2024\/11\/EDQ_CentreDons_LandingPage_Carrousel_V1-EN-B.png\" data-no-retina> \n\t\t\t\t\t\t\t<\/rs-layer><!--\n\n\t\t\t\t\t\t\t--><rs-layer\n\t\t\t\t\t\t\t\tid=\"slider-9-slide-38-layer-1\" \n\t\t\t\t\t\t\t\tdata-type=\"text\"\n\t\t\t\t\t\t\t\tdata-color=\"#4c7bbe\"\n\t\t\t\t\t\t\t\tdata-rsp_ch=\"on\"\n\t\t\t\t\t\t\t\tdata-xy=\"x:c;y:b;yo:100px,100px,100px,60px;\"\n\t\t\t\t\t\t\t\tdata-text=\"w:normal;s:24,24,16,14;l:34,34,24,20;a:center;\"\n\t\t\t\t\t\t\t\tdata-dim=\"w:632px,632px,60%,80%;\"\n\t\t\t\t\t\t\t\tdata-frame_1=\"st:190;sp:590;sR:190;\"\n\t\t\t\t\t\t\t\tdata-frame_999=\"o:0;st:w;sR:8220;\"\n\t\t\t\t\t\t\t\tstyle=\"z-index:6;font-family:'Open Sans';\"\n\t\t\t\t\t\t\t>Every year, EDQ saves <strong style=\"color:#de1315;\">2,000 tons<\/strong> of small items and <strong style=\"color:#de1315;\">6,000 tons<\/strong> of textiles from landfill. \n\t\t\t\t\t\t\t<\/rs-layer><!--\n-->\t\t\t\t\t\t<\/rs-slide>\n\t\t\t\t\t\t<rs-slide style=\"position: absolute;\" data-key=\"rs-39\" data-title=\"Slide\" data-anim=\"ms:150;\" data-in=\"o:0;\" data-out=\"a:false;\">\n\t\t\t\t\t\t\t<img decoding=\"async\" src=\"\/\/entraidediabetique.wp.vortexdev.com\/wp-content\/plugins\/revslider\/public\/assets\/assets\/dummy.png\" alt=\"Slide\" title=\"FAQ\" class=\"rev-slidebg tp-rs-img rs-lazyload\" data-lazyload=\"\/\/entraidediabetique.wp.vortexdev.com\/wp-content\/plugins\/revslider\/public\/assets\/assets\/transparent.png\" data-bg=\"c:#e7f1f9;\" data-no-retina>\n<!--\n\t\t\t\t\t\t\t--><rs-layer\n\t\t\t\t\t\t\t\tid=\"slider-9-slide-39-layer-1\" \n\t\t\t\t\t\t\t\tdata-type=\"text\"\n\t\t\t\t\t\t\t\tdata-color=\"#4c7bbe\"\n\t\t\t\t\t\t\t\tdata-rsp_ch=\"on\"\n\t\t\t\t\t\t\t\tdata-xy=\"x:c;y:b;yo:100px,100px,100px,60px;\"\n\t\t\t\t\t\t\t\tdata-text=\"w:normal;s:24,24,16,14;l:34,34,24,20;a:center;\"\n\t\t\t\t\t\t\t\tdata-dim=\"w:786px,786px,60%,80%;\"\n\t\t\t\t\t\t\t\tdata-frame_1=\"st:190;sp:590;sR:190;\"\n\t\t\t\t\t\t\t\tdata-frame_999=\"o:0;st:w;sR:8220;\"\n\t\t\t\t\t\t\t\tstyle=\"z-index:6;font-family:'Open Sans';\"\n\t\t\t\t\t\t\t>You can donate at <strong style=\"color:#de1315;\">11 Value Village Community Donation Centre\u2122<\/strong> and <strong style=\"color:#de1315;\">3 EDQ Offices<\/strong> (in addition to our donation bins!). \n\t\t\t\t\t\t\t<\/rs-layer><!--\n\n\t\t\t\t\t\t\t--><rs-layer\n\t\t\t\t\t\t\t\tid=\"slider-9-slide-39-layer-2\" \n\t\t\t\t\t\t\t\tdata-type=\"image\"\n\t\t\t\t\t\t\t\tdata-rsp_ch=\"on\"\n\t\t\t\t\t\t\t\tdata-xy=\"xo:46px,46px,22px,13px;yo:64px,64px,30px,18px;\"\n\t\t\t\t\t\t\t\tdata-text=\"w:normal;s:20,20,9,5;l:0,0,12,7;\"\n\t\t\t\t\t\t\t\tdata-dim=\"w:1500px,1500px,729px,449px;h:600px,600px,291px,179px;\"\n\t\t\t\t\t\t\t\tdata-frame_999=\"o:0;st:w;\"\n\t\t\t\t\t\t\t\tstyle=\"z-index:7;\"\n\t\t\t\t\t\t\t><img decoding=\"async\" src=\"\/\/entraidediabetique.wp.vortexdev.com\/wp-content\/plugins\/revslider\/public\/assets\/assets\/dummy.png\" alt=\"\" class=\"tp-rs-img rs-lazyload\" width=\"1500\" height=\"600\" data-lazyload=\"\/\/entraidediabetique.wp.vortexdev.com\/wp-content\/uploads\/2024\/10\/1-EDQ_CentreDons_LandingPage_Carrousel_V13.png\" data-no-retina> \n\t\t\t\t\t\t\t<\/rs-layer><!--\n-->\t\t\t\t\t\t<\/rs-slide>\n\t\t\t\t\t<\/rs-slides>\n\t\t\t\t<\/rs-module>\n\t\t\t\t<script>\n\t\t\t\t\tsetREVStartSize({c: 'rev_slider_9_1',rl:[1240,1240,778,480],el:[777,777,600,360],gw:[1600,1600,778,480],gh:[777,777,600,360],type:'standard',justify:'',layout:'fullwidth',mh:\"0\"});if (window.RS_MODULES!==undefined && window.RS_MODULES.modules!==undefined && window.RS_MODULES.modules[\"revslider91\"]!==undefined) {window.RS_MODULES.modules[\"revslider91\"].once = false;window.revapi9 = undefined;if (window.RS_MODULES.checkMinimal!==undefined) window.RS_MODULES.checkMinimal()}\n\t\t\t\t<\/script>\n\t\t\t<\/rs-module-wrap>\n\t\t\t<!-- END REVOLUTION SLIDER -->\n[\/vc_column][\/vc_row][vc_row][vc_column][vc_column_text]\r\n[\/vc_column_text][\/vc_column][\/vc_row]<\/div>","protected":false},"excerpt":{"rendered":"<p>[vc_row][vc_column][vc_column_text] [\/vc_column_text][\/vc_column][\/vc_row][vc_row type=&#8221;default&#8221; height=&#8221;100%&#8221; parallax_ratio=&#8221;0.1&#8243; video_type=&#8221;mp4&#8243; ct_u_font_weight=&#8221;ct-fw-600&#8243; ct_u_font_style=&#8221;ct-fs-n&#8221; button_label=&#8221;CONTINUE&#8221; container_id=&#8221;continue&#8221; ct_u_color=&#8221;inherit&#8221; section_button=&#8221;&#8221; scroll=&#8221;no&#8221; section_id=&#8221;&#8221; image_mobile=&#8221;&#8221; image=&#8221;&#8221; kenburns_images=&#8221;&#8221; video_src=&#8221;&#8221; with_container=&#8221;&#8221; ct_u_padding=&#8221;&#8221; [&hellip;]<\/p>\n","protected":false},"author":13,"featured_media":24605,"parent":0,"menu_order":0,"comment_status":"closed","ping_status":"closed","template":"","meta":{"_acf_changed":false,"footnotes":""},"class_list":["post-24608","page","type-page","status-publish","has-post-thumbnail","hentry"],"acf":[],"_links":{"self":[{"href":"https:\/\/entraidediabetique.wp.vortexdev.com\/en\/wp-json\/wp\/v2\/pages\/24608","targetHints":{"allow":["GET"]}}],"collection":[{"href":"https:\/\/entraidediabetique.wp.vortexdev.com\/en\/wp-json\/wp\/v2\/pages"}],"about":[{"href":"https:\/\/entraidediabetique.wp.vortexdev.com\/en\/wp-json\/wp\/v2\/types\/page"}],"author":[{"embeddable":true,"href":"https:\/\/entraidediabetique.wp.vortexdev.com\/en\/wp-json\/wp\/v2\/users\/13"}],"replies":[{"embeddable":true,"href":"https:\/\/entraidediabetique.wp.vortexdev.com\/en\/wp-json\/wp\/v2\/comments?post=24608"}],"version-history":[{"count":4,"href":"https:\/\/entraidediabetique.wp.vortexdev.com\/en\/wp-json\/wp\/v2\/pages\/24608\/revisions"}],"predecessor-version":[{"id":24648,"href":"https:\/\/entraidediabetique.wp.vortexdev.com\/en\/wp-json\/wp\/v2\/pages\/24608\/revisions\/24648"}],"wp:featuredmedia":[{"embeddable":true,"href":"https:\/\/entraidediabetique.wp.vortexdev.com\/en\/wp-json\/wp\/v2\/media\/24605"}],"wp:attachment":[{"href":"https:\/\/entraidediabetique.wp.vortexdev.com\/en\/wp-json\/wp\/v2\/media?parent=24608"}],"curies":[{"name":"wp","href":"https:\/\/api.w.org\/{rel}","templated":true}]}}